{"id":802,"date":"2026-01-04T05:17:59","date_gmt":"2026-01-04T04:17:59","guid":{"rendered":"https:\/\/animauxvoyageurs.fr\/?page_id=802"},"modified":"2026-04-10T06:41:36","modified_gmt":"2026-04-10T04:41:36","slug":"mentions-legales","status":"publish","type":"page","link":"https:\/\/animauxvoyageurs.fr\/?page_id=802","title":{"rendered":"Mentions l\u00e9gales"},"content":{"rendered":"\t\t<div data-elementor-type=\"wp-page\" data-elementor-id=\"802\" class=\"elementor elementor-802\" data-elementor-post-type=\"page\">\n\t\t\t\t<div class=\"elementor-element elementor-element-bdaccef e-flex e-con-boxed e-con e-parent\" data-id=\"bdaccef\" data-element_type=\"container\" data-e-type=\"container\">\n\t\t\t\t\t<div class=\"e-con-inner\">\n\t\t\t\t<div class=\"elementor-element elementor-element-331b547 elementor-widget elementor-widget-text-editor\" data-id=\"331b547\" data-element_type=\"widget\" data-e-type=\"widget\" data-widget_type=\"text-editor.default\">\n\t\t\t\t\t\t\t\t\t<p class=\"pf0\"><span class=\"cf0\">Le site internet <span style=\"text-decoration: underline;\"><strong>animauxvoyageurs.fr<\/strong> <\/span>est \u00e9dit\u00e9 par la soci\u00e9t\u00e9 Animaux Voyageurs SARL :<\/span><\/p><p class=\"pf0\"><span class=\"cf1\">\u2022 D<\/span><span class=\"cf0\">\u00e9nomination sociale : Animaux Voyageurs SARL<\/span><\/p><p class=\"pf0\"><span class=\"cf1\">\u2022 Adresse : 18 rue du lagon 75013 PARIS<\/span><\/p><p class=\"pf0\"><span class=\"cf1\"> \u2022 Immatricul<\/span><span class=\"cf0\">\u00e9e au RCS de Paris sous le num\u00e9ro 123 456 789<\/span><\/p><p class=\"pf0\"><span class=\"cf1\">\u2022 Adresse email :\u00a0domaine@gmail.com<\/span><\/p><p class=\"pf0\"><span class=\"cf1\"> \u2022 Num<\/span><span class=\"cf0\">\u00e9ro de TVA intracommunautaire: FR12345678912<\/span><\/p><p class=\"pf0\"><span class=\"cf1\">\u2022 Directeur de la publication : Nom Pr<\/span><span class=\"cf0\">\u00e9nom<\/span><\/p><p class=\"pf0\"><span class=\"cf1\">\u2022 Responsabilit<\/span><span class=\"cf0\">\u00e9 civile professionnelle : GMF<\/span><\/p><p class=\"pf0\"><span class=\"cf0\">La soci\u00e9t\u00e9 proc\u00e8de \u00e0 une collecte de donn\u00e9es, d\u00e9clar\u00e9es \u00e0 la CNIL sous le num\u00e9ro 123456789<\/span><\/p><p class=\"pf0\"><span class=\"cf0\">Le site Internet est h\u00e9berg\u00e9 par la soci\u00e9t\u00e9 OVH :<\/span><\/p><p class=\"pf0\"><span class=\"cf1\">\u2022 Si<\/span><span class=\"cf0\">\u00e8ge social : 2 rue Kellermann 59100 Roubaix<\/span><\/p><p class=\"pf0\"><span class=\"cf1\">\u2022 Num<\/span><span class=\"cf0\">\u00e9ro de t\u00e9l\u00e9phone : 09 72 10 10 07<\/span><\/p><p><!--EndFragment --><\/p>\t\t\t\t\t\t\t\t<\/div>\n\t\t\t\t\t<\/div>\n\t\t\t\t<\/div>\n\t\t\t\t<\/div>\n\t\t","protected":false},"excerpt":{"rendered":"<p>Le site internet animauxvoyageurs.fr est \u00e9dit\u00e9 par la soci\u00e9t\u00e9 Animaux Voyageurs SARL : \u2022 D\u00e9nomination sociale : Animaux Voyageurs SARL [&hellip;]<\/p>\n","protected":false},"author":1,"featured_media":0,"parent":0,"menu_order":0,"comment_status":"closed","ping_status":"closed","template":"","meta":{"site-sidebar-layout":"no-sidebar","site-content-layout":"","ast-site-content-layout":"full-width-container","site-content-style":"default","site-sidebar-style":"default","ast-global-header-display":"","ast-banner-title-visibility":"","ast-main-header-display":"","ast-hfb-above-header-display":"","ast-hfb-below-header-display":"","ast-hfb-mobile-header-display":"","site-post-title":"","ast-breadcrumbs-content":"","ast-featured-img":"disabled","footer-sml-layout":"","ast-disable-related-posts":"","theme-transparent-header-meta":"","adv-header-id-meta":"","stick-header-meta":"","header-above-stick-meta":"","header-main-stick-meta":"","header-below-stick-meta":"","astra-migrate-meta-layouts":"default","ast-page-background-enabled":"default","ast-page-background-meta":{"desktop":{"background-color":"var(--ast-global-color-5)","background-image":"","background-repeat":"repeat","background-position":"center center","background-size":"auto","background-attachment":"scroll","background-type":"","background-media":"","overlay-type":"","overlay-color":"","overlay-opacity":"","overlay-gradient":""},"tablet":{"background-color":"","background-image":"","background-repeat":"repeat","background-position":"center center","background-size":"auto","background-attachment":"scroll","background-type":"","background-media":"","overlay-type":"","overlay-color":"","overlay-opacity":"","overlay-gradient":""},"mobile":{"background-color":"","background-image":"","background-repeat":"repeat","background-position":"center center","background-size":"auto","background-attachment":"scroll","background-type":"","background-media":"","overlay-type":"","overlay-color":"","overlay-opacity":"","overlay-gradient":""}},"ast-content-background-meta":{"desktop":{"background-color":"var(--ast-global-color-4)","background-image":"","background-repeat":"repeat","background-position":"center center","background-size":"auto","background-attachment":"scroll","background-type":"","background-media":"","overlay-type":"","overlay-color":"","overlay-opacity":"","overlay-gradient":""},"tablet":{"background-color":"var(--ast-global-color-4)","background-image":"","background-repeat":"repeat","background-position":"center center","background-size":"auto","background-attachment":"scroll","background-type":"","background-media":"","overlay-type":"","overlay-color":"","overlay-opacity":"","overlay-gradient":""},"mobile":{"background-color":"var(--ast-global-color-4)","background-image":"","background-repeat":"repeat","background-position":"center center","background-size":"auto","background-attachment":"scroll","background-type":"","background-media":"","overlay-type":"","overlay-color":"","overlay-opacity":"","overlay-gradient":""}},"footnotes":""},"class_list":["post-802","page","type-page","status-publish","hentry"],"_links":{"self":[{"href":"https:\/\/animauxvoyageurs.fr\/index.php?rest_route=\/wp\/v2\/pages\/802","targetHints":{"allow":["GET"]}}],"collection":[{"href":"https:\/\/animauxvoyageurs.fr\/index.php?rest_route=\/wp\/v2\/pages"}],"about":[{"href":"https:\/\/animauxvoyageurs.fr\/index.php?rest_route=\/wp\/v2\/types\/page"}],"author":[{"embeddable":true,"href":"https:\/\/animauxvoyageurs.fr\/index.php?rest_route=\/wp\/v2\/users\/1"}],"replies":[{"embeddable":true,"href":"https:\/\/animauxvoyageurs.fr\/index.php?rest_route=%2Fwp%2Fv2%2Fcomments&post=802"}],"version-history":[{"count":16,"href":"https:\/\/animauxvoyageurs.fr\/index.php?rest_route=\/wp\/v2\/pages\/802\/revisions"}],"predecessor-version":[{"id":1234,"href":"https:\/\/animauxvoyageurs.fr\/index.php?rest_route=\/wp\/v2\/pages\/802\/revisions\/1234"}],"wp:attachment":[{"href":"https:\/\/animauxvoyageurs.fr\/index.php?rest_route=%2Fwp%2Fv2%2Fmedia&parent=802"}],"curies":[{"name":"wp","href":"https:\/\/api.w.org\/{rel}","templated":true}]}}