{"id":244,"date":"2025-12-29T06:23:25","date_gmt":"2025-12-29T05:23:25","guid":{"rendered":"https:\/\/animauxvoyageurs.fr\/?page_id=244"},"modified":"2026-04-10T06:59:19","modified_gmt":"2026-04-10T04:59:19","slug":"a-propos-de-nous","status":"publish","type":"page","link":"https:\/\/animauxvoyageurs.fr\/?page_id=244","title":{"rendered":"A propos de nous"},"content":{"rendered":"\t\t<div data-elementor-type=\"wp-page\" data-elementor-id=\"244\" class=\"elementor elementor-244\" data-elementor-post-type=\"page\">\n\t\t\t\t<div class=\"elementor-element elementor-element-de1026a e-flex e-con-boxed e-con e-parent\" data-id=\"de1026a\" data-element_type=\"container\" data-e-type=\"container\">\n\t\t\t\t\t<div class=\"e-con-inner\">\n\t\t\t\t<div class=\"elementor-element elementor-element-d82e48b elementor-widget elementor-widget-text-editor\" data-id=\"d82e48b\" data-element_type=\"widget\" data-e-type=\"widget\" data-widget_type=\"text-editor.default\">\n\t\t\t\t\t\t\t\t\t<p class=\"pf0\"><span class=\"cf0\">Bienvenue sur <strong>ANIMAUX VOYAGEURS<\/strong>, l\u2019outil indispensable aux propri\u00e9taires de chats et de chiens souhaitant d\u00e9m\u00e9nager de France vers la Nouvelle-Cal\u00e9donie.<\/span><\/p><p class=\"pf0\"><span class=\"cf0\">Nous savons que pr\u00e9parer un tel voyage g\u00e9n\u00e8re du stress et soul\u00e8ve de nombreuses questions : d\u00e9marches administratives complexes, co\u00fbt important, retours d&rsquo;exp\u00e9rience de propri\u00e9taires n\u00e9gatifs.<\/span><\/p><p class=\"pf0\"><span class=\"cf0\">Beaucoup de personnes renoncent donc \u00e0 emmener leur compagnon \u00e0 quatre pattes. Ce choix difficile g\u00e9n\u00e8re un traumatisme tant pour l\u2019animal que pour le ma\u00eetre.<\/span><\/p><p class=\"pf0\"><span class=\"cf0\">Chez <strong>ANIMAUX VOYAGEURS<\/strong> vous trouverez des informations claires et fiables, des contacts utiles et des solutions de financement afin de pr\u00e9parer sereinement le voyage de votre compagnon.<\/span><\/p><p class=\"pf0\"><span class=\"cf0\">En facilitant ainsi vos d\u00e9marches, nous aidons les associations de protection animale \u00e0 lutter contre les abandons.<\/span><\/p><p class=\"pf0\"><span class=\"cf0\">Alors fini le stress de devoir laisser votre animal derri\u00e8re vous! <\/span><\/p><p class=\"pf0\"><span class=\"cf0\">Gr\u00e2ce \u00e0 nous, transformer ce d\u00e9fi en une exp\u00e9rience fluide et agr\u00e9able. Nous sommes l\u00e0 pour vous accompagner pas \u00e0 pas.<\/span><\/p><p class=\"pf0\"><span class=\"cf0\">Nous croyons que les voyages sont plus riches quand ils sont partag\u00e9s avec ceux que l\u2019on aime. Votre fid\u00e8le compagnon m\u00e9rite de vivre ce voyage avec vous.<\/span><\/p><p><!--EndFragment --><\/p>\t\t\t\t\t\t\t\t<\/div>\n\t\t\t\t\t<\/div>\n\t\t\t\t<\/div>\n\t\t\t\t<\/div>\n\t\t","protected":false},"excerpt":{"rendered":"<p>Bienvenue sur ANIMAUX VOYAGEURS, l\u2019outil indispensable aux propri\u00e9taires de chats et de chiens souhaitant d\u00e9m\u00e9nager de France vers la Nouvelle-Cal\u00e9donie. [&hellip;]<\/p>\n","protected":false},"author":1,"featured_media":0,"parent":0,"menu_order":0,"comment_status":"closed","ping_status":"closed","template":"","meta":{"site-sidebar-layout":"no-sidebar","site-content-layout":"","ast-site-content-layout":"full-width-container","site-content-style":"default","site-sidebar-style":"default","ast-global-header-display":"","ast-banner-title-visibility":"","ast-main-header-display":"","ast-hfb-above-header-display":"","ast-hfb-below-header-display":"","ast-hfb-mobile-header-display":"","site-post-title":"","ast-breadcrumbs-content":"","ast-featured-img":"disabled","footer-sml-layout":"","ast-disable-related-posts":"","theme-transparent-header-meta":"","adv-header-id-meta":"","stick-header-meta":"","header-above-stick-meta":"","header-main-stick-meta":"","header-below-stick-meta":"","astra-migrate-meta-layouts":"default","ast-page-background-enabled":"default","ast-page-background-meta":{"desktop":{"background-color":"var(--ast-global-color-5)","background-image":"","background-repeat":"repeat","background-position":"center center","background-size":"auto","background-attachment":"scroll","background-type":"","background-media":"","overlay-type":"","overlay-color":"","overlay-opacity":"","overlay-gradient":""},"tablet":{"background-color":"","background-image":"","background-repeat":"repeat","background-position":"center center","background-size":"auto","background-attachment":"scroll","background-type":"","background-media":"","overlay-type":"","overlay-color":"","overlay-opacity":"","overlay-gradient":""},"mobile":{"background-color":"","background-image":"","background-repeat":"repeat","background-position":"center center","background-size":"auto","background-attachment":"scroll","background-type":"","background-media":"","overlay-type":"","overlay-color":"","overlay-opacity":"","overlay-gradient":""}},"ast-content-background-meta":{"desktop":{"background-color":"var(--ast-global-color-4)","background-image":"","background-repeat":"repeat","background-position":"center center","background-size":"auto","background-attachment":"scroll","background-type":"","background-media":"","overlay-type":"","overlay-color":"","overlay-opacity":"","overlay-gradient":""},"tablet":{"background-color":"var(--ast-global-color-4)","background-image":"","background-repeat":"repeat","background-position":"center center","background-size":"auto","background-attachment":"scroll","background-type":"","background-media":"","overlay-type":"","overlay-color":"","overlay-opacity":"","overlay-gradient":""},"mobile":{"background-color":"var(--ast-global-color-4)","background-image":"","background-repeat":"repeat","background-position":"center center","background-size":"auto","background-attachment":"scroll","background-type":"","background-media":"","overlay-type":"","overlay-color":"","overlay-opacity":"","overlay-gradient":""}},"footnotes":""},"class_list":["post-244","page","type-page","status-publish","hentry"],"_links":{"self":[{"href":"https:\/\/animauxvoyageurs.fr\/index.php?rest_route=\/wp\/v2\/pages\/244","targetHints":{"allow":["GET"]}}],"collection":[{"href":"https:\/\/animauxvoyageurs.fr\/index.php?rest_route=\/wp\/v2\/pages"}],"about":[{"href":"https:\/\/animauxvoyageurs.fr\/index.php?rest_route=\/wp\/v2\/types\/page"}],"author":[{"embeddable":true,"href":"https:\/\/animauxvoyageurs.fr\/index.php?rest_route=\/wp\/v2\/users\/1"}],"replies":[{"embeddable":true,"href":"https:\/\/animauxvoyageurs.fr\/index.php?rest_route=%2Fwp%2Fv2%2Fcomments&post=244"}],"version-history":[{"count":7,"href":"https:\/\/animauxvoyageurs.fr\/index.php?rest_route=\/wp\/v2\/pages\/244\/revisions"}],"predecessor-version":[{"id":1244,"href":"https:\/\/animauxvoyageurs.fr\/index.php?rest_route=\/wp\/v2\/pages\/244\/revisions\/1244"}],"wp:attachment":[{"href":"https:\/\/animauxvoyageurs.fr\/index.php?rest_route=%2Fwp%2Fv2%2Fmedia&parent=244"}],"curies":[{"name":"wp","href":"https:\/\/api.w.org\/{rel}","templated":true}]}}